{"id":392,"date":"2025-06-20T17:10:11","date_gmt":"2025-06-20T17:10:11","guid":{"rendered":"https:\/\/stp-lqn.cl\/index.php\/silverstorm\/"},"modified":"2025-06-26T15:29:11","modified_gmt":"2025-06-26T15:29:11","slug":"silverstorm","status":"publish","type":"page","link":"https:\/\/stp-lqn.cl\/","title":{"rendered":"Front Page"},"content":{"rendered":"<div data-colibri-id=\"392-c1\" class=\"style-333 style-local-392-c1 position-relative\">\n  <!---->\n  <div data-colibri-component=\"section\" data-colibri-id=\"392-c2\" id=\"testimonials-2\" class=\"h-section h-section-global-spacing d-flex align-items-lg-center align-items-md-center align-items-center style-416 style-local-392-c2 position-relative\">\n    <!---->\n    <!---->\n    <div class=\"h-section-grid-container h-section-boxed-container\">\n      <div data-colibri-id=\"392-c19\" class=\"h-row-container gutters-row-lg-0 gutters-row-md-0 gutters-row-0 gutters-row-v-lg-0 gutters-row-v-md-0 gutters-row-v-0 style-426 style-local-392-c19 position-relative\">\n        <!---->\n        <div class=\"h-row justify-content-lg-center justify-content-md-center justify-content-center align-items-lg-stretch align-items-md-stretch align-items-stretch gutters-col-lg-0 gutters-col-md-0 gutters-col-0 gutters-col-v-lg-0 gutters-col-v-md-0 gutters-col-v-0\">\n          <!---->\n          <div class=\"h-column h-column-container d-flex h-col-lg-auto h-col-md-auto h-col-auto style-427-outer style-local-392-c20-outer\">\n            <div data-colibri-id=\"392-c20\" class=\"d-flex h-flex-basis h-column__inner h-px-lg-0 h-px-md-0 h-px-0 v-inner-lg-0 v-inner-md-0 v-inner-0 style-427 style-local-392-c20 position-relative\">\n              <!---->\n              <!---->\n              <div class=\"w-100 h-y-container h-column__content h-column__v-align flex-basis-100 align-self-lg-start align-self-md-start align-self-start\">\n                <!---->\n                <div data-colibri-id=\"392-c21\" class=\"h-global-transition-all h-heading style-428 style-local-392-c21 position-relative h-element\">\n                  <!---->\n                  <div class=\"h-heading__outer style-428 style-local-392-c21\">\n                    <!---->\n                    <!---->\n                    <h2 class=\"\">Nuestras Alianzas<\/h2>\n                  <\/div>\n                <\/div>\n                <div data-colibri-id=\"392-c22\" class=\"h-lead h-text h-text-component style-429 style-local-392-c22 position-relative h-element\">\n                  <!---->\n                  <!---->\n                  <div class=\"\"><\/div>\n                <\/div>\n              <\/div>\n            <\/div>\n          <\/div>\n        <\/div>\n      <\/div>\n      <div data-colibri-id=\"392-c3\" class=\"h-row-container gutters-row-lg-2 gutters-row-md-2 gutters-row-0 gutters-row-v-lg-2 gutters-row-v-md-2 gutters-row-v-2 style-417 style-local-392-c3 position-relative\">\n        <!---->\n        <div class=\"h-row justify-content-lg-center justify-content-md-center justify-content-center align-items-lg-stretch align-items-md-stretch align-items-stretch gutters-col-lg-2 gutters-col-md-2 gutters-col-0 gutters-col-v-lg-2 gutters-col-v-md-2 gutters-col-v-2\">\n          <!---->\n          <div class=\"h-column h-column-container d-flex h-col-lg-3 h-col-md-6 h-col-12 style-418-outer style-local-392-c4-outer\">\n            <div data-colibri-id=\"392-c4\" class=\"d-flex h-flex-basis h-column__inner h-px-lg-3 h-px-md-3 h-px-3 v-inner-lg-3 v-inner-md-3 v-inner-3 style-418 style-local-392-c4 position-relative\">\n              <!---->\n              <!---->\n              <div class=\"w-100 h-y-container h-column__content h-column__v-align flex-basis-100 align-self-lg-start align-self-md-start align-self-start\">\n                <!---->\n                <div data-colibri-id=\"392-c5\" class=\"h-row-container gutters-row-lg-2 gutters-row-md-2 gutters-row-0 gutters-row-v-lg-2 gutters-row-v-md-2 gutters-row-v-2 style-419 style-local-392-c5 position-relative\">\n                  <!---->\n                  <div class=\"h-row justify-content-lg-center justify-content-md-center justify-content-center align-items-lg-stretch align-items-md-stretch align-items-stretch gutters-col-lg-2 gutters-col-md-2 gutters-col-0 gutters-col-v-lg-2 gutters-col-v-md-2 gutters-col-v-2\">\n                    <!---->\n                    <div class=\"h-column h-column-container d-flex h-col-lg-6 h-col-md-6 h-col-6 style-420-outer style-local-392-c6-outer\">\n                      <div data-colibri-id=\"392-c6\" class=\"d-flex h-flex-basis h-column__inner h-px-lg-0 h-px-md-0 h-px-0 v-inner-lg-0 v-inner-md-0 v-inner-0 style-420 style-local-392-c6 position-relative\">\n                        <!---->\n                        <!---->\n                        <div class=\"w-100 h-y-container h-column__content h-column__v-align flex-basis-100 align-self-lg-center align-self-md-center align-self-center\">\n                          <!---->\n                          <div data-colibri-id=\"392-c7\" class=\"d-block style-421 style-local-392-c7 position-relative h-element\">\n                            <!---->\n                            <div class=\"h-image__frame-container-outer\">\n                              <a href=\"https:\/\/web.facebook.com\/FetraconLQN\" h-use-smooth-scroll=\"true\" class=\"image-link\">\n                                <div class=\"h-image__frame-container\">\n                                  <!---->\n                                  <!---->\n                                  <img fetchpriority=\"high\" decoding=\"async\" width=\"697\" height=\"697\" src=\"https:\/\/stp-lqn.cl\/wp-content\/uploads\/2025\/06\/cropped-cropped-cropped-logo-federacion-1.png\" class=\"wp-image-650 style-421-image style-local-392-c7-image\" alt=\"\" srcset=\"https:\/\/stp-lqn.cl\/wp-content\/uploads\/2025\/06\/cropped-cropped-cropped-logo-federacion-1.png 697w, https:\/\/stp-lqn.cl\/wp-content\/uploads\/2025\/06\/cropped-cropped-cropped-logo-federacion-1-300x300.png 300w, https:\/\/stp-lqn.cl\/wp-content\/uploads\/2025\/06\/cropped-cropped-cropped-logo-federacion-1-150x150.png 150w\" sizes=\"(max-width: 697px) 100vw, 697px\" \/>\n                                  <div class=\"h-image__frame h-hide-lg h-hide-md h-hide-sm style-421-frameImage style-local-392-c7-frameImage\"><\/div>\n                                <\/div>\n                              <\/a>\n                            <\/div>\n                          <\/div>\n                        <\/div>\n                      <\/div>\n                    <\/div>\n                  <\/div>\n                <\/div>\n                <div data-colibri-id=\"392-c8\" class=\"h-text h-text-component style-425 style-local-392-c8 position-relative h-element\">\n                  <!---->\n                  <!---->\n                  <div class=\"\">\n                    <p>Federaci\u00f3n de trabajadores contratados Dpworld Lirqu\u00e9n.<\/p>\n                  <\/div>\n                <\/div>\n              <\/div>\n            <\/div>\n          <\/div>\n          <div class=\"h-column h-column-container d-flex h-col-lg-3 h-col-md-6 h-col-12 style-418-outer style-local-392-c9-outer\">\n            <div data-colibri-id=\"392-c9\" class=\"d-flex h-flex-basis h-column__inner h-px-lg-3 h-px-md-3 h-px-3 v-inner-lg-3 v-inner-md-3 v-inner-3 style-418 style-local-392-c9 position-relative\">\n              <!---->\n              <!---->\n              <div class=\"w-100 h-y-container h-column__content h-column__v-align flex-basis-100 align-self-lg-start align-self-md-start align-self-start\">\n                <!---->\n                <div data-colibri-id=\"392-c10\" class=\"h-row-container gutters-row-lg-2 gutters-row-md-2 gutters-row-0 gutters-row-v-lg-2 gutters-row-v-md-2 gutters-row-v-2 style-419 style-local-392-c10 position-relative\">\n                  <!---->\n                  <div class=\"h-row justify-content-lg-center justify-content-md-center justify-content-center align-items-lg-stretch align-items-md-stretch align-items-stretch gutters-col-lg-2 gutters-col-md-2 gutters-col-0 gutters-col-v-lg-2 gutters-col-v-md-2 gutters-col-v-2\">\n                    <!---->\n                    <div class=\"h-column h-column-container d-flex h-col-lg-6 h-col-md-6 h-col-6 style-420-outer style-local-392-c11-outer\">\n                      <div data-colibri-id=\"392-c11\" class=\"d-flex h-flex-basis h-column__inner h-px-lg-0 h-px-md-0 h-px-0 v-inner-lg-0 v-inner-md-0 v-inner-0 style-420 style-local-392-c11 position-relative\">\n                        <!---->\n                        <!---->\n                        <div class=\"w-100 h-y-container h-column__content h-column__v-align flex-basis-100 align-self-lg-center align-self-md-center align-self-center\">\n                          <!---->\n                          <div data-colibri-id=\"392-c12\" class=\"d-block style-421 style-local-392-c12 position-relative h-element\">\n                            <!---->\n                            <div class=\"h-image__frame-container-outer\">\n                              <a href=\"https:\/\/web.facebook.com\/unionportuaria.delbiobio\" h-use-smooth-scroll=\"true\" class=\"image-link\">\n                                <div class=\"h-image__frame-container\">\n                                  <!---->\n                                  <!---->\n                                  <img decoding=\"async\" width=\"884\" height=\"884\" src=\"https:\/\/stp-lqn.cl\/wp-content\/uploads\/2025\/06\/cropped-cropped-union-portuaria-de-chile.png\" class=\"wp-image-651 style-421-image style-local-392-c12-image\" alt=\"\" srcset=\"https:\/\/stp-lqn.cl\/wp-content\/uploads\/2025\/06\/cropped-cropped-union-portuaria-de-chile.png 884w, https:\/\/stp-lqn.cl\/wp-content\/uploads\/2025\/06\/cropped-cropped-union-portuaria-de-chile-300x300.png 300w, https:\/\/stp-lqn.cl\/wp-content\/uploads\/2025\/06\/cropped-cropped-union-portuaria-de-chile-150x150.png 150w, https:\/\/stp-lqn.cl\/wp-content\/uploads\/2025\/06\/cropped-cropped-union-portuaria-de-chile-768x768.png 768w\" sizes=\"(max-width: 884px) 100vw, 884px\" \/>\n                                  <div class=\"h-image__frame h-hide-lg h-hide-md h-hide-sm style-421-frameImage style-local-392-c12-frameImage\"><\/div>\n                                <\/div>\n                              <\/a>\n                            <\/div>\n                          <\/div>\n                        <\/div>\n                      <\/div>\n                    <\/div>\n                  <\/div>\n                <\/div>\n                <div data-colibri-id=\"392-c13\" class=\"h-text h-text-component style-425 style-local-392-c13 position-relative h-element\">\n                  <!---->\n                  <!---->\n                  <div class=\"\">\n                    <p>Uni\u00f3n portuaria de Chile.<\/p>\n                  <\/div>\n                <\/div>\n              <\/div>\n            <\/div>\n          <\/div>\n          <div class=\"h-column h-column-container d-flex h-col-lg-3 h-col-md-6 h-col-12 style-418-outer style-local-392-c14-outer\">\n            <div data-colibri-id=\"392-c14\" class=\"d-flex h-flex-basis h-column__inner h-px-lg-3 h-px-md-3 h-px-3 v-inner-lg-3 v-inner-md-3 v-inner-3 style-418 style-local-392-c14 position-relative\">\n              <!---->\n              <!---->\n              <div class=\"w-100 h-y-container h-column__content h-column__v-align flex-basis-100 align-self-lg-start align-self-md-start align-self-start\">\n                <!---->\n                <div data-colibri-id=\"392-c15\" class=\"h-row-container gutters-row-lg-2 gutters-row-md-2 gutters-row-0 gutters-row-v-lg-2 gutters-row-v-md-2 gutters-row-v-2 style-419 style-local-392-c15 position-relative\">\n                  <!---->\n                  <div class=\"h-row justify-content-lg-center justify-content-md-center justify-content-center align-items-lg-stretch align-items-md-stretch align-items-stretch gutters-col-lg-2 gutters-col-md-2 gutters-col-0 gutters-col-v-lg-2 gutters-col-v-md-2 gutters-col-v-2\">\n                    <!---->\n                    <div class=\"h-column h-column-container d-flex h-col-lg-6 h-col-md-6 h-col-6 style-420-outer style-local-392-c16-outer\">\n                      <div data-colibri-id=\"392-c16\" class=\"d-flex h-flex-basis h-column__inner h-px-lg-0 h-px-md-0 h-px-0 v-inner-lg-0 v-inner-md-0 v-inner-0 style-420 style-local-392-c16 position-relative\">\n                        <!---->\n                        <!---->\n                        <div class=\"w-100 h-y-container h-column__content h-column__v-align flex-basis-100 align-self-lg-center align-self-md-center align-self-center\">\n                          <!---->\n                          <div data-colibri-id=\"392-c17\" class=\"d-block style-421 style-local-392-c17 position-relative h-element\">\n                            <!---->\n                            <div class=\"h-image__frame-container-outer\">\n                              <a href=\"https:\/\/www.facebook.com\/share\/16T8ZsEyrk\/\" h-use-smooth-scroll=\"true\" class=\"image-link\">\n                                <div class=\"h-image__frame-container\">\n                                  <!---->\n                                  <!---->\n                                  <img decoding=\"async\" width=\"1437\" height=\"1437\" src=\"https:\/\/stp-lqn.cl\/wp-content\/uploads\/2025\/06\/cropped-cropped-logo-federacion.png\" class=\"wp-image-626 style-421-image style-local-392-c17-image\" alt=\"\" srcset=\"https:\/\/stp-lqn.cl\/wp-content\/uploads\/2025\/06\/cropped-cropped-logo-federacion.png 1437w, https:\/\/stp-lqn.cl\/wp-content\/uploads\/2025\/06\/cropped-cropped-logo-federacion-300x300.png 300w, https:\/\/stp-lqn.cl\/wp-content\/uploads\/2025\/06\/cropped-cropped-logo-federacion-1024x1024.png 1024w, https:\/\/stp-lqn.cl\/wp-content\/uploads\/2025\/06\/cropped-cropped-logo-federacion-150x150.png 150w, https:\/\/stp-lqn.cl\/wp-content\/uploads\/2025\/06\/cropped-cropped-logo-federacion-768x768.png 768w\" sizes=\"(max-width: 1437px) 100vw, 1437px\" \/>\n                                  <div class=\"h-image__frame h-hide-lg h-hide-md h-hide-sm style-421-frameImage style-local-392-c17-frameImage\"><\/div>\n                                <\/div>\n                              <\/a>\n                            <\/div>\n                          <\/div>\n                        <\/div>\n                      <\/div>\n                    <\/div>\n                  <\/div>\n                <\/div>\n                <div data-colibri-id=\"392-c18\" class=\"h-text h-text-component style-425 style-local-392-c18 position-relative h-element\">\n                  <!---->\n                  <!---->\n                  <div class=\"\">\n                    <p>Confederaci\u00f3n Nacional de trabajadores portuarios de Chile. <\/p>\n                  <\/div>\n                <\/div>\n              <\/div>\n            <\/div>\n          <\/div>\n        <\/div>\n      <\/div>\n    <\/div>\n  <\/div>\n<\/div>","protected":false},"excerpt":{"rendered":"<p>Nuestras Alianzas Federaci\u00f3n de trabajadores contratados Dpworld Lirqu\u00e9n. Uni\u00f3n portuaria de Chile. Confederaci\u00f3n [&hellip;]<\/p>\n","protected":false},"author":1,"featured_media":0,"parent":0,"menu_order":0,"comment_status":"closed","ping_status":"closed","template":"page-templates\/homepage.php","meta":{"_themeisle_gutenberg_block_has_review":false,"footnotes":""},"class_list":["post-392","page","type-page","status-publish","hentry"],"_links":{"self":[{"href":"https:\/\/stp-lqn.cl\/index.php\/wp-json\/wp\/v2\/pages\/392","targetHints":{"allow":["GET"]}}],"collection":[{"href":"https:\/\/stp-lqn.cl\/index.php\/wp-json\/wp\/v2\/pages"}],"about":[{"href":"https:\/\/stp-lqn.cl\/index.php\/wp-json\/wp\/v2\/types\/page"}],"author":[{"embeddable":true,"href":"https:\/\/stp-lqn.cl\/index.php\/wp-json\/wp\/v2\/users\/1"}],"replies":[{"embeddable":true,"href":"https:\/\/stp-lqn.cl\/index.php\/wp-json\/wp\/v2\/comments?post=392"}],"version-history":[{"count":20,"href":"https:\/\/stp-lqn.cl\/index.php\/wp-json\/wp\/v2\/pages\/392\/revisions"}],"predecessor-version":[{"id":956,"href":"https:\/\/stp-lqn.cl\/index.php\/wp-json\/wp\/v2\/pages\/392\/revisions\/956"}],"wp:attachment":[{"href":"https:\/\/stp-lqn.cl\/index.php\/wp-json\/wp\/v2\/media?parent=392"}],"curies":[{"name":"wp","href":"https:\/\/api.w.org\/{rel}","templated":true}]}}